{"id":8089,"date":"2018-11-19T17:53:27","date_gmt":"2018-11-19T16:53:27","guid":{"rendered":"https:\/\/www.laboratoires-biarritz.com\/blog\/?page_id=8089"},"modified":"2023-10-11T11:42:57","modified_gmt":"2023-10-11T09:42:57","slug":"accueil","status":"publish","type":"page","link":"https:\/\/www.laboratoires-biarritz.com\/blog\/","title":{"rendered":"Accueil"},"content":{"rendered":"<h2>D\u00e9couvrez nos conseils, nos astuces, nos actualit\u00e9s et tout ce que vous devez savoir sur le bien-\u00eatre de votre peau.<\/h2>\n","protected":false},"excerpt":{"rendered":"<p>D\u00e9couvrez nos conseils, nos astuces, nos actualit\u00e9s et tout ce que vous devez savoir sur le bien-\u00eatre de votre peau.<\/p>\n","protected":false},"author":1,"featured_media":0,"parent":0,"menu_order":0,"comment_status":"closed","ping_status":"closed","template":"","meta":[],"lang":"fr","translations":{"en":8100,"fr":8089,"de":8102,"es":26545},"pll_sync_post":[],"_links":{"self":[{"href":"https:\/\/www.laboratoires-biarritz.com\/blog\/wp-json\/wp\/v2\/pages\/8089"}],"collection":[{"href":"https:\/\/www.laboratoires-biarritz.com\/blog\/wp-json\/wp\/v2\/pages"}],"about":[{"href":"https:\/\/www.laboratoires-biarritz.com\/blog\/wp-json\/wp\/v2\/types\/page"}],"author":[{"embeddable":true,"href":"https:\/\/www.laboratoires-biarritz.com\/blog\/wp-json\/wp\/v2\/users\/1"}],"replies":[{"embeddable":true,"href":"https:\/\/www.laboratoires-biarritz.com\/blog\/wp-json\/wp\/v2\/comments?post=8089"}],"version-history":[{"count":24,"href":"https:\/\/www.laboratoires-biarritz.com\/blog\/wp-json\/wp\/v2\/pages\/8089\/revisions"}],"predecessor-version":[{"id":33993,"href":"https:\/\/www.laboratoires-biarritz.com\/blog\/wp-json\/wp\/v2\/pages\/8089\/revisions\/33993"}],"wp:attachment":[{"href":"https:\/\/www.laboratoires-biarritz.com\/blog\/wp-json\/wp\/v2\/media?parent=8089"}],"curies":[{"name":"wp","href":"https:\/\/api.w.org\/{rel}","templated":true}]}}